{"id":1027,"date":"2023-12-07T21:01:53","date_gmt":"2023-12-07T21:01:53","guid":{"rendered":"http:\/\/santacolonia.de\/?page_id=1027"},"modified":"2024-04-09T13:09:38","modified_gmt":"2024-04-09T13:09:38","slug":"sampler","status":"publish","type":"page","link":"https:\/\/santacolonia.de\/?page_id=1027","title":{"rendered":"Sampler"},"content":{"rendered":"\n<div class=\"wp-block-image\"><figure class=\"aligncenter is-resized\"><a href=\"https:\/\/mstehtfuermusik.lnk.to\/santacolonia\"><img loading=\"lazy\" decoding=\"async\" src=\"http:\/\/santacolonia.de\/wp-content\/uploads\/2023\/12\/IMG_2843-1003x1024.jpg\" alt=\"\" class=\"wp-image-1029\" width=\"502\" height=\"512\" srcset=\"https:\/\/santacolonia.de\/wp-content\/uploads\/2023\/12\/IMG_2843-1003x1024.jpg 1003w, https:\/\/santacolonia.de\/wp-content\/uploads\/2023\/12\/IMG_2843-294x300.jpg 294w, https:\/\/santacolonia.de\/wp-content\/uploads\/2023\/12\/IMG_2843-768x784.jpg 768w, https:\/\/santacolonia.de\/wp-content\/uploads\/2023\/12\/IMG_2843-147x150.jpg 147w, https:\/\/santacolonia.de\/wp-content\/uploads\/2023\/12\/IMG_2843.jpg 1170w\" sizes=\"(max-width: 502px) 100vw, 502px\" \/><\/a><\/figure><\/div>\n\n\n\n<p><\/p>\n\n\n\n<h3 class=\"wp-block-heading\"><strong>SANTA COLONIA <\/strong>z\u00e4hlt seit 3 Jahren zu den sch\u00f6nsten Weihnachtsveranstaltungen aus und rund um K\u00f6ln. Die Show ist eine Produktion von Torben Klein, Ex-S\u00e4nger der R\u00e4uber sowie seiner Frau, Domh\u00e4tzje Nadine, die mal solo und mal im Duett mit ihren Stimmen f\u00fcr k\u00f6lsche Weihnachtsstimmung sorgen. <br>Die Zuh\u00f6rer des Albums und die Besucher der Show erwartet eine lustige, besinnliche und auch romantische Weihnachtsshow. Viel Musik sowie Geschichten von Moderator Stephan Henseler werden die Besucher ebenso begeistern wie Wortbeitr\u00e4ge der Comedian Liselotte Lotterlappen oder von Violinistin Lidia Streifling, der Frau von H\u00d6HNER-Multiinstrumentalist Jens Streifling.<\/h3>\n\n\n\n<p> <\/p>\n\n\n\n<p><\/p>\n\n\n\n<figure class=\"wp-block-embed-spotify aligncenter wp-block-embed is-type-rich is-provider-spotify wp-embed-aspect-21-9 wp-has-aspect-ratio\"><div class=\"wp-block-embed__wrapper\">\n<iframe title=\"Spotify Embed: Santa Colonia\" style=\"border-radius: 12px\" width=\"100%\" height=\"352\" frameborder=\"0\" allowfullscreen allow=\"autoplay; clipboard-write; encrypted-media; fullscreen; picture-in-picture\" loading=\"lazy\" src=\"https:\/\/open.spotify.com\/embed\/album\/0xm5nNawrl493l0VcOI7I8?go=1&#038;referral=labelaffiliate&#038;utm_source=oembed&#038;utm_medium=Warner_Germany&#038;utm_campaign=labelaffiliate&#038;nd=1&#038;dlsi=a6756f2f43994074\"><\/iframe>\n<\/div><\/figure>\n\n\n\n<h3 class=\"wp-block-heading\">Den Sampler Santa Colonia gibt es \u00fcberall im Handel und als Streaming!<\/h3>\n\n\n\n<h3 class=\"wp-block-heading\"><a href=\"https:\/\/mstehtfuermusik.lnk.to\/santacolonia\">Santa Colonia &#8211; der Sampler ist hier \u00fcberall erh\u00e4ltlich!!<\/a><\/h3>\n\n\n\n<p><\/p>\n\n\n\n<ul class=\"wp-block-gallery alignleft columns-0 wp-block-gallery-1 is-layout-flex wp-block-gallery-is-layout-flex\"><li class=\"blocks-gallery-item\"><figure><img loading=\"lazy\" decoding=\"async\" width=\"160\" height=\"422\" src=\"http:\/\/santacolonia.de\/wp-content\/uploads\/2023\/12\/Bildschirmfoto-2023-12-07-um-23.02.40-e1701987468564.png\" alt=\"\" data-id=\"1045\" data-link=\"http:\/\/santacolonia.de\/?attachment_id=1045\" class=\"wp-image-1045\" srcset=\"https:\/\/santacolonia.de\/wp-content\/uploads\/2023\/12\/Bildschirmfoto-2023-12-07-um-23.02.40-e1701987468564.png 160w, https:\/\/santacolonia.de\/wp-content\/uploads\/2023\/12\/Bildschirmfoto-2023-12-07-um-23.02.40-e1701987468564-114x300.png 114w, https:\/\/santacolonia.de\/wp-content\/uploads\/2023\/12\/Bildschirmfoto-2023-12-07-um-23.02.40-e1701987468564-57x150.png 57w\" sizes=\"(max-width: 160px) 100vw, 160px\" \/><\/figure><\/li><li class=\"blocks-gallery-item\"><figure><img loading=\"lazy\" decoding=\"async\" width=\"180\" height=\"344\" src=\"http:\/\/santacolonia.de\/wp-content\/uploads\/2023\/12\/Bildschirmfoto-2023-12-07-um-23.02.59-e1701987497133.png\" alt=\"\" data-id=\"1046\" data-link=\"http:\/\/santacolonia.de\/?attachment_id=1046\" class=\"wp-image-1046\" srcset=\"https:\/\/santacolonia.de\/wp-content\/uploads\/2023\/12\/Bildschirmfoto-2023-12-07-um-23.02.59-e1701987497133.png 180w, https:\/\/santacolonia.de\/wp-content\/uploads\/2023\/12\/Bildschirmfoto-2023-12-07-um-23.02.59-e1701987497133-157x300.png 157w, https:\/\/santacolonia.de\/wp-content\/uploads\/2023\/12\/Bildschirmfoto-2023-12-07-um-23.02.59-e1701987497133-78x150.png 78w\" sizes=\"(max-width: 180px) 100vw, 180px\" \/><\/figure><\/li><\/ul>\n","protected":false},"excerpt":{"rendered":"<p>SANTA COLONIA z\u00e4hlt seit 3 Jahren zu den sch\u00f6nsten Weihnachtsveranstaltungen aus und rund um K\u00f6ln. Die Show ist eine Produktion von Torben Klein, Ex-S\u00e4nger der R\u00e4uber sowie seiner Frau, Domh\u00e4tzje Nadine, die mal solo und mal im Duett mit ihren Stimmen f\u00fcr k\u00f6lsche Weihnachtsstimmung sorgen. Die Zuh\u00f6rer des Albums und&#8230;<\/p>\n<p> <a class=\"continue-reading-link\" href=\"https:\/\/santacolonia.de\/?page_id=1027\"><span>Continue reading<\/span><i class=\"crycon-right-dir\"><\/i><\/a> <\/p>\n","protected":false},"author":1,"featured_media":0,"parent":0,"menu_order":0,"comment_status":"closed","ping_status":"closed","template":"templates\/template-onecolumn.php","meta":{"footnotes":""},"_links":{"self":[{"href":"https:\/\/santacolonia.de\/index.php?rest_route=\/wp\/v2\/pages\/1027"}],"collection":[{"href":"https:\/\/santacolonia.de\/index.php?rest_route=\/wp\/v2\/pages"}],"about":[{"href":"https:\/\/santacolonia.de\/index.php?rest_route=\/wp\/v2\/types\/page"}],"author":[{"embeddable":true,"href":"https:\/\/santacolonia.de\/index.php?rest_route=\/wp\/v2\/users\/1"}],"replies":[{"embeddable":true,"href":"https:\/\/santacolonia.de\/index.php?rest_route=%2Fwp%2Fv2%2Fcomments&post=1027"}],"version-history":[{"count":15,"href":"https:\/\/santacolonia.de\/index.php?rest_route=\/wp\/v2\/pages\/1027\/revisions"}],"predecessor-version":[{"id":1126,"href":"https:\/\/santacolonia.de\/index.php?rest_route=\/wp\/v2\/pages\/1027\/revisions\/1126"}],"wp:attachment":[{"href":"https:\/\/santacolonia.de\/index.php?rest_route=%2Fwp%2Fv2%2Fmedia&parent=1027"}],"curies":[{"name":"wp","href":"https:\/\/api.w.org\/{rel}","templated":true}]}}