{"id":900,"date":"2019-03-20T08:03:02","date_gmt":"2019-03-20T08:03:02","guid":{"rendered":"http:\/\/santacolonia.de\/?page_id=900"},"modified":"2025-11-27T17:27:41","modified_gmt":"2025-11-27T17:27:41","slug":"presse","status":"publish","type":"page","link":"https:\/\/santacolonia.de\/?page_id=900","title":{"rendered":"Presse"},"content":{"rendered":"\n<figure class=\"wp-block-image size-full\"><img loading=\"lazy\" decoding=\"async\" width=\"767\" height=\"747\" src=\"https:\/\/santacolonia.de\/wp-content\/uploads\/2025\/11\/image-3.png\" alt=\"\" class=\"wp-image-1208\" srcset=\"https:\/\/santacolonia.de\/wp-content\/uploads\/2025\/11\/image-3.png 767w, https:\/\/santacolonia.de\/wp-content\/uploads\/2025\/11\/image-3-300x292.png 300w, https:\/\/santacolonia.de\/wp-content\/uploads\/2025\/11\/image-3-150x146.png 150w\" sizes=\"(max-width: 767px) 100vw, 767px\" \/><\/figure>\n\n\n\n<p><a href=\"https:\/\/www.express.de\/koeln\/karneval\/familien-schicksal-koelsches-musiker-paar-hilft-mit-show-1159014\">Familien-Schicksal: K\u00f6lsches Musiker-Paar hilft mit Show | Express<\/a><\/p>\n\n\n\n<figure class=\"wp-block-image size-full\"><img loading=\"lazy\" decoding=\"async\" width=\"780\" height=\"818\" src=\"https:\/\/santacolonia.de\/wp-content\/uploads\/2025\/11\/image-1.png\" alt=\"\" class=\"wp-image-1201\" srcset=\"https:\/\/santacolonia.de\/wp-content\/uploads\/2025\/11\/image-1.png 780w, https:\/\/santacolonia.de\/wp-content\/uploads\/2025\/11\/image-1-286x300.png 286w, https:\/\/santacolonia.de\/wp-content\/uploads\/2025\/11\/image-1-768x805.png 768w, https:\/\/santacolonia.de\/wp-content\/uploads\/2025\/11\/image-1-143x150.png 143w\" sizes=\"(max-width: 780px) 100vw, 780px\" \/><\/figure>\n\n\n\n<p>Den ganzen Artikel findet ihr hier: <\/p>\n\n\n\n<p><a href=\"https:\/\/www.express.de\/koeln\/karneval\/koeln-musik-stars-erfuellen-letzte-wuensche-von-todkranker-laura-929547\">K\u00f6ln: Musik-Stars erf\u00fcllen&nbsp;letzte W\u00fcnsche von todkranker Laura | Express<\/a><\/p>\n\n\n\n<figure class=\"wp-block-image size-full\"><img loading=\"lazy\" decoding=\"async\" width=\"780\" height=\"626\" src=\"https:\/\/santacolonia.de\/wp-content\/uploads\/2025\/11\/image-2.png\" alt=\"\" class=\"wp-image-1204\" srcset=\"https:\/\/santacolonia.de\/wp-content\/uploads\/2025\/11\/image-2.png 780w, https:\/\/santacolonia.de\/wp-content\/uploads\/2025\/11\/image-2-300x241.png 300w, https:\/\/santacolonia.de\/wp-content\/uploads\/2025\/11\/image-2-768x616.png 768w, https:\/\/santacolonia.de\/wp-content\/uploads\/2025\/11\/image-2-150x120.png 150w\" sizes=\"(max-width: 780px) 100vw, 780px\" \/><\/figure>\n\n\n\n<p><a href=\"https:\/\/www.express.de\/koeln\/karneval\/torben-und-nadine-klein-santa-colonia-hilft-der-jungen-laura-894730\">Torben und Nadine Klein: Santa Colonia hilft der jungen Laura | Express<\/a><\/p>\n\n\n\n<figure class=\"wp-block-image size-full\"><img loading=\"lazy\" decoding=\"async\" width=\"773\" height=\"767\" src=\"https:\/\/santacolonia.de\/wp-content\/uploads\/2025\/11\/image.png\" alt=\"\" class=\"wp-image-1199\" srcset=\"https:\/\/santacolonia.de\/wp-content\/uploads\/2025\/11\/image.png 773w, https:\/\/santacolonia.de\/wp-content\/uploads\/2025\/11\/image-300x298.png 300w, https:\/\/santacolonia.de\/wp-content\/uploads\/2025\/11\/image-150x150.png 150w, https:\/\/santacolonia.de\/wp-content\/uploads\/2025\/11\/image-768x762.png 768w\" sizes=\"(max-width: 773px) 100vw, 773px\" \/><\/figure>\n\n\n\n<figure class=\"wp-block-image\"><img loading=\"lazy\" decoding=\"async\" width=\"1024\" height=\"740\" src=\"http:\/\/santacolonia.de\/wp-content\/uploads\/2024\/01\/Express-1024x740.png\" alt=\"\" class=\"wp-image-1090\" srcset=\"https:\/\/santacolonia.de\/wp-content\/uploads\/2024\/01\/Express-1024x740.png 1024w, https:\/\/santacolonia.de\/wp-content\/uploads\/2024\/01\/Express-300x217.png 300w, https:\/\/santacolonia.de\/wp-content\/uploads\/2024\/01\/Express-768x555.png 768w, https:\/\/santacolonia.de\/wp-content\/uploads\/2024\/01\/Express-150x108.png 150w, https:\/\/santacolonia.de\/wp-content\/uploads\/2024\/01\/Express.png 1259w\" sizes=\"(max-width: 1024px) 100vw, 1024px\" \/><\/figure>\n\n\n\n<h3 class=\"wp-block-heading\"><strong>Hier gehts zum Expressartikel&#8230;<\/strong><\/h3>\n\n\n\n<h4 class=\"wp-block-heading\"><a href=\"https:\/\/www.express.de\/koeln\/karneval\/drama-um-fina-4-aus-koeln-sie-darf-weder-aufstehen-noch-laufen-1-704505\">https:\/\/www.express.de\/koeln\/karneval\/drama-um-fina-4-aus-koeln-sie-darf-weder-aufstehen-noch-laufen-1-704505<\/a><\/h4>\n\n\n\n<p><\/p>\n\n\n\n<figure class=\"wp-block-image\"><img loading=\"lazy\" decoding=\"async\" width=\"929\" height=\"845\" src=\"http:\/\/santacolonia.de\/wp-content\/uploads\/2024\/01\/Rundschau.png\" alt=\"\" class=\"wp-image-1081\" srcset=\"https:\/\/santacolonia.de\/wp-content\/uploads\/2024\/01\/Rundschau.png 929w, https:\/\/santacolonia.de\/wp-content\/uploads\/2024\/01\/Rundschau-300x273.png 300w, https:\/\/santacolonia.de\/wp-content\/uploads\/2024\/01\/Rundschau-768x699.png 768w, https:\/\/santacolonia.de\/wp-content\/uploads\/2024\/01\/Rundschau-150x136.png 150w\" sizes=\"(max-width: 929px) 100vw, 929px\" \/><\/figure>\n\n\n\n<h3 class=\"wp-block-heading\"><strong>Hier gehts zum Rundschauartikel&#8230;<\/strong><\/h3>\n\n\n\n<h4 class=\"wp-block-heading\"><a href=\"https:\/\/www.rundschau-online.de\/region\/rhein-erft\/elsdorf\/elsdorf-koelsche-weihnacht-mit-domhaetzje-nadine-und-torben-klein-708574\">Elsdorf: K\u00f6lsche Weihnacht mit Domh\u00e4tzje Nadine und Torben Klein &#8211; Rundschau Online (rundschau-online.de)<\/a><\/h4>\n\n\n\n<p><\/p>\n\n\n\n<p><\/p>\n\n\n\n<figure class=\"wp-block-image\"><img loading=\"lazy\" decoding=\"async\" width=\"781\" height=\"580\" src=\"http:\/\/santacolonia.de\/wp-content\/uploads\/2023\/12\/RadioK\u00f6ln.png\" alt=\"\" class=\"wp-image-1022\" srcset=\"https:\/\/santacolonia.de\/wp-content\/uploads\/2023\/12\/RadioK\u00f6ln.png 781w, https:\/\/santacolonia.de\/wp-content\/uploads\/2023\/12\/RadioK\u00f6ln-300x223.png 300w, https:\/\/santacolonia.de\/wp-content\/uploads\/2023\/12\/RadioK\u00f6ln-768x570.png 768w, https:\/\/santacolonia.de\/wp-content\/uploads\/2023\/12\/RadioK\u00f6ln-150x111.png 150w\" sizes=\"(max-width: 781px) 100vw, 781px\" \/><figcaption class=\"wp-element-caption\">Zu Gast bei Radio K\u00f6ln!<br><br><a href=\"https:\/\/www.radiokoeln.de\/artikel\/santa-colonia-zu-besuch-bei-koelsch-jot-1839689.html\">https:\/\/www.radiokoeln.de\/artikel\/santa-colonia-zu-besuch-bei-koelsch-jot-1839689.html<\/a><\/figcaption><\/figure>\n\n\n\n<figure class=\"wp-block-image\"><img loading=\"lazy\" decoding=\"async\" width=\"1024\" height=\"683\" src=\"http:\/\/santacolonia.de\/wp-content\/uploads\/2023\/12\/1-1024x683.jpg\" alt=\"\" class=\"wp-image-1024\" srcset=\"https:\/\/santacolonia.de\/wp-content\/uploads\/2023\/12\/1-1024x683.jpg 1024w, https:\/\/santacolonia.de\/wp-content\/uploads\/2023\/12\/1-300x200.jpg 300w, https:\/\/santacolonia.de\/wp-content\/uploads\/2023\/12\/1-768x512.jpg 768w, https:\/\/santacolonia.de\/wp-content\/uploads\/2023\/12\/1-150x100.jpg 150w\" sizes=\"(max-width: 1024px) 100vw, 1024px\" \/><figcaption class=\"wp-element-caption\">Artikel im K\u00f6lner Stadtanzeiger!<br><a href=\"https:\/\/www.ksta.de\/koeln\/lindenthal\/klettenberg\/santa-colonia-torben-klein-und-domhaetzje-nadine-feiern-koelsche-weihnacht-692491\">https:\/\/www.ksta.de\/koeln\/lindenthal\/klettenberg\/santa-colonia-torben-klein-und-domhaetzje-nadine-feiern-koelsche-weihnacht-692491<\/a><\/figcaption><\/figure>\n\n\n\n<h3 class=\"wp-block-heading\"><strong>Archiv&#8230;<\/strong><\/h3>\n\n\n<h4><span style=\"color: #000000;\"><a style=\"color: #000000;\" href=\"http:\/\/santacolonia.de\/wp-content\/uploads\/2019\/03\/DormagenASW.pdf\">DormagenASW<\/a><\/span><\/h4>\n<h4><span style=\"color: #000000;\"><a style=\"color: #000000;\" href=\"http:\/\/santacolonia.de\/wp-content\/uploads\/2019\/03\/Dormagenrponoline.pdf\">Dormagenrponoline<\/a><\/span><\/h4>\n<h4><span style=\"color: #000000;\"><a style=\"color: #000000;\" href=\"http:\/\/santacolonia.de\/wp-content\/uploads\/2019\/03\/Schmidt.pdf\">Schmidt<\/a><\/span><\/h4>\n<h4><span style=\"color: #000000;\"><a style=\"color: #000000;\" href=\"http:\/\/jeckopkoelsch.de\/index.php\/38-news\/1199-santa-colonia-in-heimerzheim\">Heimerzheim<\/a><\/span><\/h4>","protected":false},"excerpt":{"rendered":"<p>Familien-Schicksal: K\u00f6lsches Musiker-Paar hilft mit Show | Express Den ganzen Artikel findet ihr hier: K\u00f6ln: Musik-Stars erf\u00fcllen&nbsp;letzte W\u00fcnsche von todkranker Laura | Express Torben und Nadine Klein: Santa Colonia hilft der jungen Laura | Express Hier gehts zum Expressartikel&#8230; https:\/\/www.express.de\/koeln\/karneval\/drama-um-fina-4-aus-koeln-sie-darf-weder-aufstehen-noch-laufen-1-704505 Hier gehts zum Rundschauartikel&#8230; Elsdorf: K\u00f6lsche Weihnacht mit Domh\u00e4tzje Nadine&#8230;<\/p>\n<p> <a class=\"continue-reading-link\" href=\"https:\/\/santacolonia.de\/?page_id=900\"><span>Continue reading<\/span><i class=\"crycon-right-dir\"><\/i><\/a> <\/p>\n","protected":false},"author":1,"featured_media":0,"parent":0,"menu_order":0,"comment_status":"closed","ping_status":"closed","template":"","meta":{"footnotes":""},"_links":{"self":[{"href":"https:\/\/santacolonia.de\/index.php?rest_route=\/wp\/v2\/pages\/900"}],"collection":[{"href":"https:\/\/santacolonia.de\/index.php?rest_route=\/wp\/v2\/pages"}],"about":[{"href":"https:\/\/santacolonia.de\/index.php?rest_route=\/wp\/v2\/types\/page"}],"author":[{"embeddable":true,"href":"https:\/\/santacolonia.de\/index.php?rest_route=\/wp\/v2\/users\/1"}],"replies":[{"embeddable":true,"href":"https:\/\/santacolonia.de\/index.php?rest_route=%2Fwp%2Fv2%2Fcomments&post=900"}],"version-history":[{"count":25,"href":"https:\/\/santacolonia.de\/index.php?rest_route=\/wp\/v2\/pages\/900\/revisions"}],"predecessor-version":[{"id":1209,"href":"https:\/\/santacolonia.de\/index.php?rest_route=\/wp\/v2\/pages\/900\/revisions\/1209"}],"wp:attachment":[{"href":"https:\/\/santacolonia.de\/index.php?rest_route=%2Fwp%2Fv2%2Fmedia&parent=900"}],"curies":[{"name":"wp","href":"https:\/\/api.w.org\/{rel}","templated":true}]}}