{"id":919,"date":"2019-12-03T10:11:19","date_gmt":"2019-12-03T10:11:19","guid":{"rendered":"http:\/\/santacolonia.de\/?page_id=919"},"modified":"2025-11-27T17:40:51","modified_gmt":"2025-11-27T17:40:51","slug":"stiftung","status":"publish","type":"page","link":"https:\/\/santacolonia.de\/?page_id=919","title":{"rendered":"Stiftung"},"content":{"rendered":"\n<h4 class=\"wp-block-heading\">Seit dem Jahr 2019 gibt es die Santa Colonia Stiftung.<\/h4>\n\n\n\n<h4 class=\"wp-block-heading\">Mit dieser Stiftung wollen wir verst\u00e4rkt Gutes tun und Familien und vornehmlich, bed\u00fcrftige und kranke Kinder unterst\u00fctzen.<\/h4>\n\n\n\n<h4 class=\"wp-block-heading\">Dabei verlieren wir nie den lokalen Kompass aus den Augen und arbeiten eng mit unseren Veranstaltern in der Region zusammen.<\/h4>\n\n\n\n<h4 class=\"wp-block-heading\">In jeder Stadt, in der wir mit unserem Ensemble zu Gast sind, helfen wir vor Ort und in Absprache mit dem Veranstalter unterst\u00fctzen wir soziale Zwecke, aber auch Menschen, die einen Schicksalsschlag erlitten haben oder in finanzielle N\u00f6te geraten sind.<\/h4>\n\n\n\n<h4 class=\"wp-block-heading\">Aktuelle Spendenaktion! <\/h4>\n\n\n\n<h4 class=\"wp-block-heading\"><em>Lest hierzu auch gerne den Expressartikel:  <\/em><\/h4>\n\n\n\n<p><a href=\"https:\/\/www.express.de\/koeln\/karneval\/familien-schicksal-koelsches-musiker-paar-hilft-mit-show-1159014\">Familien-Schicksal: K\u00f6lsches Musiker-Paar hilft mit Show | Express<\/a><\/p>\n\n\n\n<figure class=\"wp-block-image size-full\"><img loading=\"lazy\" decoding=\"async\" width=\"767\" height=\"747\" src=\"https:\/\/santacolonia.de\/wp-content\/uploads\/2025\/11\/image-4.png\" alt=\"\" class=\"wp-image-1210\" srcset=\"https:\/\/santacolonia.de\/wp-content\/uploads\/2025\/11\/image-4.png 767w, https:\/\/santacolonia.de\/wp-content\/uploads\/2025\/11\/image-4-300x292.png 300w, https:\/\/santacolonia.de\/wp-content\/uploads\/2025\/11\/image-4-150x146.png 150w\" sizes=\"(max-width: 767px) 100vw, 767px\" \/><\/figure>\n\n\n\n<p>Wir haben diese Pulheimer Familie kennen gelernt und waren sehr bewegt von ihrem Schicksal. Viel zu fr\u00fch verlieren hier zwei Kinder im Alter von 6 und 8 Jahren ihre Mama und Michael seine geliebte Frau. Ein pl\u00f6tzlicher Schlaganfall reist die junge Mama mitten aus dem Leben. Michael funktioniert. Er versucht den Alltag so gut es geht alleine mit seinen Kindern zu meistern und vor allem f\u00fcr seine Kinder. Im Gespr\u00e4ch mit ihm, hat er viel geweint und immer wieder gesagt&#8230;..ich m\u00f6chte eigentlich gar kein Geld &#8211; ich m\u00f6chte nur die Mama f\u00fcr meine Kinder zur\u00fcck&#8230;.<\/p>\n\n\n\n<p>Durch das fehlende Einkommen der verstorbenen Mutter und dadurch, dass Michael nun mehr f\u00fcr seine Kinder da sein muss und seinen Job reduziert hat, fehlt es gerade an allem. <\/p>\n\n\n\n<p>Wir w\u00fcrden uns sehr freuen , wenn ihr gemeinsam mit uns diese Pulheimer Familie unterst\u00fctzt!<\/p>\n\n\n\n<h4 class=\"wp-block-heading\">Wir wollen helfen! <\/h4>\n\n\n\n<h4 class=\"wp-block-heading\">Bitte helft mit!<\/h4>\n\n\n\n<h4 class=\"wp-block-heading\">Spendenkonto:<\/h4>\n\n\n\n<h4 class=\"wp-block-heading\">Santa Colonia-Stiftung DE32 37050198 19351398 48 \/ Verwendungszweck: Pulheimer Familie<\/h4>\n\n\n\n<p>Hier findet ihr die Spendenaktion aus dem letzten Jahr: <\/p>\n\n\n\n<p><a href=\"https:\/\/www.express.de\/koeln\/karneval\/torben-und-nadine-klein-santa-colonia-hilft-der-jungen-laura-894730\"><strong>Torben und Nadine Klein: Santa Colonia hilft der jungen Laura | Express<\/strong><\/a><\/p>\n\n\n<div class=\"wp-block-image\">\n<figure class=\"aligncenter size-full is-resized\"><img loading=\"lazy\" decoding=\"async\" width=\"701\" height=\"701\" src=\"https:\/\/santacolonia.de\/wp-content\/uploads\/2024\/11\/image.png\" alt=\"\" class=\"wp-image-1183\" style=\"width:329px;height:auto\" srcset=\"https:\/\/santacolonia.de\/wp-content\/uploads\/2024\/11\/image.png 701w, https:\/\/santacolonia.de\/wp-content\/uploads\/2024\/11\/image-300x300.png 300w, https:\/\/santacolonia.de\/wp-content\/uploads\/2024\/11\/image-150x150.png 150w\" sizes=\"(max-width: 701px) 100vw, 701px\" \/><\/figure><\/div>\n\n\n<p>Wie dankbar man f\u00fcr die Gesundheit der eigenen Familie sein kann, wird einem oft erst bewusst, wenn einem vor Augen gef\u00fchrt wird, dass sich dies mit einer einzigen Diagnose \u00e4ndern kann.<\/p>\n\n\n\n<p>Mit einem unbeschreiblich schweren Herzen haben wir die Eltern von Laura kennen lernen d\u00fcrfen, zu deren Familie noch 2 weitere wundervolle Kinder geh\u00f6ren.<\/p>\n\n\n\n<p>Emily (3 Jahre), Laura (11 Jahre), unsere K\u00e4mpferin und um Sie es hier geht, und Mira (13 Jahre). Unser Mittlere Tochter Laura ist an Krebs, einen Hirntumor erkrankt, gegen den die bereits seit zwei Jahren k\u00e4mpft.<\/p>\n\n\n\n<p>Durch ein Hirntumor Rezidiv mit 3 Tumor Herden, welches im Februar 2024 festgestellt worden ist, ist der Kampf gegen den Krebs leider nicht vorbei.<\/p>\n\n\n\n<p>Die Prognose ist leider sehr schlecht.<\/p>\n\n\n\n<p>Es folgte im M\u00e4rz `24 eine OP mit Entfernung eines Tumor Herdes, und einer Rickham Katheter Anlage im Kopf f\u00fcr sp\u00e4tere Intraventrikul\u00e4re Chemotherapie.Des weiteren fing Laura ende M\u00e4rz \u00b424 das Memmat Protokoll an, welches Orale Chemotherapie und noch andere weitere Orale Medikamente beinhaltet.Im April\u00b424 bekam Laura dann wieder einen Port implantiert , wor\u00fcber Sie alle zwei Wochen ebenfalls intraven\u00f6se Chemotherapie erh\u00e4lt.Leider folgten im April mehrere station\u00e4re Klinikum Aufenthalte da Laura ihr Allgemein Zustand nicht gut war und die Blutwerte sehr schlecht waren.Anfang Mai\u00b424 musste in einer Not OP der Rickham Katheter leider entfernt werden, da esKomplikationen gab.Ende Mai\u00b424 wurde Ihr jedoch wieder ein neuer Rickham Katheter in den Kopf Implantiert.<\/p>\n\n\n\n<p>Laura ist mehrfach die Woche f\u00fcr die Intraventrikul\u00e4re sowie die Intraven\u00f6se Chemotherapie ambulant im Klinikum.Das hei\u00dft leider, das Sie an diesen Tagen nicht die Schule besuchen kann.Ende Juni\u00b424 erfolgte die 3 Monats Kontrolle via MRT.Leider bekamen wir Anfang Juli`24 dann bei der Befund Besprechung die Ern\u00fcchterung.Die Zwei Tumor Herde, sind leider trotz Therapie etwas gewachsen.Zudem sind die Tumore leider Inoperabel. Sie haben Laura Palliativ gesprochen.<\/p>\n\n\n\n<p>Die Familie hangelt sich von Kontrollen des Allgemeinzustandes, der Blutbilder, und der MRT Aufnahmen.Das Therapie Protokoll ist leider keine Heilung, sondern nur eine Lebensverl\u00e4ngerung, und keine Garantie, und die Lebenszeit von Laura ist sehr begrenzt.<\/p>\n\n\n\n<p>Trotz der Niederschmetternden Nachricht, hatte Laura einen Wunsch, einmal das Meer zu sehen.Somit sind sie im Juli \u00b424 mit &#8222;W\u00fcnsche werden wahr&#8220; eine Woche ans Meer nach Usedom gefahren.Es war f\u00fcr uns alle als Familie eine kleine Erholung.Laura ist k\u00f6rperlich sehr angeschlagen.Die Therapie und der Krebs interl\u00e4sst seine spuren.Sie ist schlapp, unendlich m\u00fcde, schl\u00e4ft sehr viel ist kraftlos und hat Schmerzen in den Beinen, Gangunsicherheiten.<\/p>\n\n\n\n<p>F\u00fcr die Familie, f\u00fcr Laura ihre beiden Schwestern, ist es ein sehr gro\u00dfer und schwerer Rucksack den alle tragen m\u00fcssen.<\/p>\n\n\n\n<p>Die Eltern versuchen Laura viel zu erm\u00f6glichen, wie an Klassenausfl\u00fcge oder Schulfesten und \u00e4hnlichen Terminen dran Teil zu nehmen.<\/p>\n\n\n\n<p>Laura hat nat\u00fcrlich noch sehr viele W\u00fcnsche wie zb. verschiedene Ausfl\u00fcge zu Vergn\u00fcgungsparks , nochmal eine sch\u00f6ne Zeit am Meer, und da Sie ein gro\u00dfer Harry Potter Fan ist, sp\u00e4ter eine Harry Potter Feuer Bestattung diese wir ihr gerne Erf\u00fcllen m\u00f6chten, aber dies schaffen wir leider nicht alleine.<\/p>\n\n\n\n<p>Und auch ihre Geschwister und wir sollen mit Laura eine sch\u00f6ne Rest Zeit und Erinnerungen haben.<\/p>\n\n\n\n<p>Wir w\u00fcrden uns sehr freuen , wenn ihr Laura und uns , f\u00fcr Laura unterst\u00fctzen w\u00fcrdet.<\/p>\n\n\n\n<h4 class=\"wp-block-heading\">Wir wollen helfen! <\/h4>\n\n\n\n<h4 class=\"wp-block-heading\">Bitte helfen Sie mit! <\/h4>\n\n\n\n<h4 class=\"wp-block-heading\">Spendenkonto:<\/h4>\n\n\n\n<h4 class=\"wp-block-heading\">Santa Colonia-Stiftung DE32 37050198 19351398 48 \/ Verwendungszweck: Laura<\/h4>\n\n\n\n<p><\/p>\n\n\n\n<p>Hier findet ihr Informationen zur Spendenaktion aus dem letzten Jahr:<\/p>\n\n\n\n<p><strong>Santa Colonia hilft in 2023!<\/strong><\/p>\n\n\n\n<h4 class=\"wp-block-heading\">Lest hierzu auch gerne den Expressartikel:  <br><a href=\"https:\/\/www.express.de\/koeln\/koelner-familie-in-not-schicksalsschlaege-rund-um-kleine-fina-4-704505\">K\u00f6lner Familie in Not: Schicksalsschl\u00e4ge rund um kleine Fina (4) | Express<\/a> <\/h4>\n\n\n\n<p><\/p>\n\n\n<div class=\"wp-block-image\">\n<figure class=\"aligncenter is-resized\"><img loading=\"lazy\" decoding=\"async\" width=\"882\" height=\"1024\" src=\"http:\/\/santacolonia.de\/wp-content\/uploads\/2023\/12\/image0-13-882x1024.jpeg\" alt=\"\" class=\"wp-image-1064\" style=\"width:222px;height:258px\" srcset=\"https:\/\/santacolonia.de\/wp-content\/uploads\/2023\/12\/image0-13-882x1024.jpeg 882w, https:\/\/santacolonia.de\/wp-content\/uploads\/2023\/12\/image0-13-258x300.jpeg 258w, https:\/\/santacolonia.de\/wp-content\/uploads\/2023\/12\/image0-13-768x892.jpeg 768w, https:\/\/santacolonia.de\/wp-content\/uploads\/2023\/12\/image0-13-129x150.jpeg 129w, https:\/\/santacolonia.de\/wp-content\/uploads\/2023\/12\/image0-13.jpeg 1763w\" sizes=\"(max-width: 882px) 100vw, 882px\" \/><\/figure><\/div>\n\n\n<h4 class=\"wp-block-heading\">Ein Vater, f\u00fcr den es nichts Wichtigeres gibt, als seine Familie, arbeitet sehr viel, damit ein sorgenfreies Leben gew\u00e4hrleistet ist.<\/h4>\n\n\n\n<h4 class=\"wp-block-heading\">Bis zu dem Tag&#8230;.an dem er seine Kraft nicht mehr sp\u00fcrt. <\/h4>\n\n\n\n<h4 class=\"wp-block-heading\">Eine verschleppte Bronchitis bringt ihn an den Rand seiner Grenzen. Der Gesundheitszustand verschlimmert sich, sodass er 3 Wochen im Krankenhaus beatmet werden muss. Nach medikament\u00f6ser Einstellung kann er mit eingeschr\u00e4nkter Lungenfunktion wieder nach Hause. <\/h4>\n\n\n\n<h4 class=\"wp-block-heading\">Nach 13 Monaten darf er im Sommer im Hamburger Modell langsam wieder in den Job zur\u00fcckkehren. <\/h4>\n\n\n\n<h4 class=\"wp-block-heading\">Seine j\u00fcngste Tochter Fina ist aufgewecktes lebendiges kleines M\u00e4dchen. Von Klein an waren sportliche Aktivit\u00e4ten, wie Rollschuhfahren, Kampfsport und Fahrradfahren der Mittelpunkt in ihrem Leben. <\/h4>\n\n\n\n<h4 class=\"wp-block-heading\">Im Sommer dieses Jahres \u00e4ndert sich das Leben f\u00fcr die Familie erneut schlagartig. Fina bekommt starke, unertr\u00e4gliche Schmerzen in ihren Beinen. Nach Tagen der Ungewissheit dann die Diagnose. Ein bisher unbekanntes Bakterium beginnt den Knorpel im H\u00fcftgelenk der kleinen Fina zu zerst\u00f6ren. Die erste OP folgt. Verschiedene \u00c4rzte und Spezialisten werden in den Fall involviert. <\/h4>\n\n\n\n<h4 class=\"wp-block-heading\">Bis heute ist jedoch der weitere Weg ungewiss&#8230;<\/h4>\n\n\n\n<h4 class=\"wp-block-heading\">Die kleine FINA sitzt im Rollstuhl. Ihre H\u00fcfte darf nicht belastet werden. Aufstehen, Gehen, Laufen, Rollschuh oder Fahrrad fahren unm\u00f6glich. Die unbeschwerte Kindheit von jetzt auf gleich genommen.<\/h4>\n\n\n\n<h4 class=\"wp-block-heading\">F\u00fcr die ganze Familie mehr als eine Herausforderung. Nicht nur f\u00fcr die kleine Fina. Auch f\u00fcr ihre 2 Jahre \u00e4ltere Schwester Paulina und ihre Eltern. Ein Haus, welches nicht Rollstuhlgerecht ist, ist da die kleinste H\u00fcrde. Eine Mama, die neben der emotionalen Belastung ihre Arbeit von jetzt auf gleich aufgibt, um ihre kranke Tochter zu pflegen. Ein Vater, der krankheitsbedingt nicht die Kraft aufbringen kann, den Kostenapparat f\u00fcr die Familie zu stemmen. <\/h4>\n\n\n\n<h4 class=\"wp-block-heading\">Wir wollen helfen! <\/h4>\n\n\n\n<h4 class=\"wp-block-heading\">Bitte helfen Sie mit! <\/h4>\n\n\n\n<h4 class=\"wp-block-heading\">Spendenkonto:<\/h4>\n\n\n\n<h4 class=\"wp-block-heading\">Santa Colonia-Stiftung                                                                                                DE32 37050198 19351398 48 \/ Verwendungszweck: FINA<\/h4>\n\n\n\n<h2 class=\"wp-block-heading\">Spenden\u00fcbersicht ab 2019&#8230;<\/h2>\n\n\n\n<h4 class=\"wp-block-heading\">Von 2019 bis heute konnten wir bereits \u00fcber 15.000 \u20ac an Spenden generieren. Diese sind unterschiedlichsten Institutionen zu Gute gekommen. <\/h4>\n\n\n\n<figure class=\"wp-block-image\"><img loading=\"lazy\" decoding=\"async\" width=\"941\" height=\"699\" src=\"http:\/\/santacolonia.de\/wp-content\/uploads\/2023\/12\/\u00dcbersicht_Spenden_2019bis2022.png\" alt=\"\" class=\"wp-image-1016\" srcset=\"https:\/\/santacolonia.de\/wp-content\/uploads\/2023\/12\/\u00dcbersicht_Spenden_2019bis2022.png 941w, https:\/\/santacolonia.de\/wp-content\/uploads\/2023\/12\/\u00dcbersicht_Spenden_2019bis2022-300x223.png 300w, https:\/\/santacolonia.de\/wp-content\/uploads\/2023\/12\/\u00dcbersicht_Spenden_2019bis2022-768x570.png 768w, https:\/\/santacolonia.de\/wp-content\/uploads\/2023\/12\/\u00dcbersicht_Spenden_2019bis2022-150x111.png 150w\" sizes=\"(max-width: 941px) 100vw, 941px\" \/><\/figure>\n\n\n\n<figure class=\"wp-block-image\"><img loading=\"lazy\" decoding=\"async\" width=\"935\" height=\"690\" src=\"http:\/\/santacolonia.de\/wp-content\/uploads\/2023\/12\/Wemwurdegespendet.png\" alt=\"\" class=\"wp-image-1056\" srcset=\"https:\/\/santacolonia.de\/wp-content\/uploads\/2023\/12\/Wemwurdegespendet.png 935w, https:\/\/santacolonia.de\/wp-content\/uploads\/2023\/12\/Wemwurdegespendet-300x221.png 300w, https:\/\/santacolonia.de\/wp-content\/uploads\/2023\/12\/Wemwurdegespendet-768x567.png 768w, https:\/\/santacolonia.de\/wp-content\/uploads\/2023\/12\/Wemwurdegespendet-150x111.png 150w\" sizes=\"(max-width: 935px) 100vw, 935px\" \/><\/figure>\n\n\n\n<p><\/p>\n\n\n\n<h4 class=\"wp-block-heading\">Sie interessieren Sich f\u00fcr unsere Stiftung, m\u00f6chten spenden oder haben Fragen? Dann melden Sie sich einfach unter: <a href=\"info@santacolonia.de\">info@santacolonia.de<\/a><\/h4>\n\n\n\n<p><\/p>\n\n\n\n<h4 class=\"wp-block-heading\">Ihr Santa Colonia Team<\/h4>\n\n\n\n<p><\/p>\n","protected":false},"excerpt":{"rendered":"<p>Seit dem Jahr 2019 gibt es die Santa Colonia Stiftung. Mit dieser Stiftung wollen wir verst\u00e4rkt Gutes tun und Familien und vornehmlich, bed\u00fcrftige und kranke Kinder unterst\u00fctzen. Dabei verlieren wir nie den lokalen Kompass aus den Augen und arbeiten eng mit unseren Veranstaltern in der Region zusammen. In jeder Stadt,&#8230;<\/p>\n<p> <a class=\"continue-reading-link\" href=\"https:\/\/santacolonia.de\/?page_id=919\"><span>Continue reading<\/span><i class=\"crycon-right-dir\"><\/i><\/a> <\/p>\n","protected":false},"author":1,"featured_media":0,"parent":0,"menu_order":0,"comment_status":"closed","ping_status":"closed","template":"","meta":{"footnotes":""},"_links":{"self":[{"href":"https:\/\/santacolonia.de\/index.php?rest_route=\/wp\/v2\/pages\/919"}],"collection":[{"href":"https:\/\/santacolonia.de\/index.php?rest_route=\/wp\/v2\/pages"}],"about":[{"href":"https:\/\/santacolonia.de\/index.php?rest_route=\/wp\/v2\/types\/page"}],"author":[{"embeddable":true,"href":"https:\/\/santacolonia.de\/index.php?rest_route=\/wp\/v2\/users\/1"}],"replies":[{"embeddable":true,"href":"https:\/\/santacolonia.de\/index.php?rest_route=%2Fwp%2Fv2%2Fcomments&post=919"}],"version-history":[{"count":32,"href":"https:\/\/santacolonia.de\/index.php?rest_route=\/wp\/v2\/pages\/919\/revisions"}],"predecessor-version":[{"id":1215,"href":"https:\/\/santacolonia.de\/index.php?rest_route=\/wp\/v2\/pages\/919\/revisions\/1215"}],"wp:attachment":[{"href":"https:\/\/santacolonia.de\/index.php?rest_route=%2Fwp%2Fv2%2Fmedia&parent=919"}],"curies":[{"name":"wp","href":"https:\/\/api.w.org\/{rel}","templated":true}]}}